{"id":2,"date":"2013-10-01T15:47:51","date_gmt":"2013-10-01T15:47:51","guid":{"rendered":"http:\/\/www.helenboemelburg.de\/?page_id=2"},"modified":"2013-10-07T11:18:10","modified_gmt":"2013-10-07T11:18:10","slug":"sample-page","status":"publish","type":"page","link":"http:\/\/www.helenboemelburg.de\/?page_id=2","title":{"rendered":"\u00dcber uns"},"content":{"rendered":"<p>Helen B\u00f6melburg ist Redakteurin und Journalistin. Sie lebt mit ihrer Familie in Hamburg , derzeit aber f\u00fcr ein Jahr in einem Bergnest in den Pyren\u00e4en, S\u00fcdfrankreich.<\/p>\n<p>Die Schnappsch\u00fcsse in diesem Blog stammen von der Autorin, die professionellen Bilder von dem Fotografen Damien Butaeye.<\/p>\n<p>Mehr \u00fcber ihn und seine Arbeit:\u00a0<a title=\"www.damienbutaeye.com\" href=\"http:\/\/www.damienbutaeye.com\" target=\"_blank\">www.damienbutaeye.com<\/a><\/p>\n","protected":false},"excerpt":{"rendered":"<p>Helen B\u00f6melburg ist Redakteurin und Journalistin. Sie lebt mit ihrer Familie in Hamburg , derzeit aber f\u00fcr ein Jahr in einem Bergnest in den Pyren\u00e4en, S\u00fcdfrankreich. Die Schnappsch\u00fcsse in diesem Blog stammen von der Autorin, die professionellen Bilder von dem Fotografen Damien Butaeye. Mehr \u00fcber ihn und seine Arbeit:\u00a0www.damienbutaeye.com<\/p>\n","protected":false},"author":1,"featured_media":0,"parent":0,"menu_order":0,"comment_status":"open","ping_status":"open","template":"","meta":{"_s2mail":""},"_links":{"self":[{"href":"http:\/\/www.helenboemelburg.de\/index.php?rest_route=\/wp\/v2\/pages\/2"}],"collection":[{"href":"http:\/\/www.helenboemelburg.de\/index.php?rest_route=\/wp\/v2\/pages"}],"about":[{"href":"http:\/\/www.helenboemelburg.de\/index.php?rest_route=\/wp\/v2\/types\/page"}],"author":[{"embeddable":true,"href":"http:\/\/www.helenboemelburg.de\/index.php?rest_route=\/wp\/v2\/users\/1"}],"replies":[{"embeddable":true,"href":"http:\/\/www.helenboemelburg.de\/index.php?rest_route=%2Fwp%2Fv2%2Fcomments&post=2"}],"version-history":[{"count":6,"href":"http:\/\/www.helenboemelburg.de\/index.php?rest_route=\/wp\/v2\/pages\/2\/revisions"}],"predecessor-version":[{"id":106,"href":"http:\/\/www.helenboemelburg.de\/index.php?rest_route=\/wp\/v2\/pages\/2\/revisions\/106"}],"wp:attachment":[{"href":"http:\/\/www.helenboemelburg.de\/index.php?rest_route=%2Fwp%2Fv2%2Fmedia&parent=2"}],"curies":[{"name":"wp","href":"https:\/\/api.w.org\/{rel}","templated":true}]}}